{"id":102,"date":"2024-12-22T06:58:21","date_gmt":"2024-12-22T05:58:21","guid":{"rendered":"https:\/\/glebokuracja.pl\/sklep\/koszyk\/"},"modified":"2025-02-07T13:51:40","modified_gmt":"2025-02-07T12:51:40","slug":"koszyk","status":"publish","type":"page","link":"https:\/\/glebokuracja.pl\/sklep\/koszyk\/","title":{"rendered":"Koszyk"},"content":{"rendered":"\n","protected":false},"excerpt":{"rendered":"","protected":false},"author":1,"featured_media":0,"parent":0,"menu_order":0,"comment_status":"closed","ping_status":"closed","template":"","meta":{"footnotes":""},"class_list":["post-102","page","type-page","status-publish","hentry"],"yoast_head":"<!-- This site is optimized with the Yoast SEO plugin v27.4 - https:\/\/yoast.com\/product\/yoast-seo-wordpress\/ -->\n<title>Koszyk - Zam\u00f3w Online \/ Glebokuracja<\/title>\n<meta name=\"description\" content=\"Sprawd\u017a zawarto\u015b\u0107 swojego koszyka w sklepie Glebokuracja.pl i sfinalizuj zam\u00f3wienie na organiczny granulowany naw\u00f3z z obornika kurzego.\" \/>\n<meta name=\"robots\" content=\"index, follow, max-snippet:-1, max-image-preview:large, max-video-preview:-1\" \/>\n<link rel=\"canonical\" href=\"https:\/\/glebokuracja.pl\/sklep\/koszyk\/\" \/>\n<meta property=\"og:locale\" content=\"pl_PL\" \/>\n<meta property=\"og:type\" content=\"article\" \/>\n<meta property=\"og:title\" content=\"Koszyk - Zam\u00f3w Online \/ Glebokuracja\" \/>\n<meta property=\"og:description\" content=\"Sprawd\u017a zawarto\u015b\u0107 swojego koszyka w sklepie Glebokuracja.pl i sfinalizuj zam\u00f3wienie na organiczny granulowany naw\u00f3z z obornika kurzego.\" \/>\n<meta property=\"og:url\" content=\"https:\/\/glebokuracja.pl\/sklep\/koszyk\/\" \/>\n<meta property=\"og:site_name\" content=\"Zam\u00f3w Online \/ Glebokuracja\" \/>\n<meta property=\"article:modified_time\" content=\"2025-02-07T12:51:40+00:00\" \/>\n<meta name=\"twitter:card\" content=\"summary_large_image\" \/>\n<script type=\"application\/ld+json\" class=\"yoast-schema-graph\">{\"@context\":\"https:\\\/\\\/schema.org\",\"@graph\":[{\"@type\":\"WebPage\",\"@id\":\"https:\\\/\\\/glebokuracja.pl\\\/sklep\\\/koszyk\\\/\",\"url\":\"https:\\\/\\\/glebokuracja.pl\\\/sklep\\\/koszyk\\\/\",\"name\":\"Koszyk - Zam\u00f3w Online \\\/ Glebokuracja\",\"isPartOf\":{\"@id\":\"https:\\\/\\\/glebokuracja.pl\\\/sklep\\\/#website\"},\"datePublished\":\"2024-12-22T05:58:21+00:00\",\"dateModified\":\"2025-02-07T12:51:40+00:00\",\"description\":\"Sprawd\u017a zawarto\u015b\u0107 swojego koszyka w sklepie Glebokuracja.pl i sfinalizuj zam\u00f3wienie na organiczny granulowany naw\u00f3z z obornika kurzego.\",\"breadcrumb\":{\"@id\":\"https:\\\/\\\/glebokuracja.pl\\\/sklep\\\/koszyk\\\/#breadcrumb\"},\"inLanguage\":\"pl-PL\",\"potentialAction\":[{\"@type\":\"ReadAction\",\"target\":[\"https:\\\/\\\/glebokuracja.pl\\\/sklep\\\/koszyk\\\/\"]}]},{\"@type\":\"BreadcrumbList\",\"@id\":\"https:\\\/\\\/glebokuracja.pl\\\/sklep\\\/koszyk\\\/#breadcrumb\",\"itemListElement\":[{\"@type\":\"ListItem\",\"position\":1,\"name\":\"Glebokuracja\",\"item\":\"https:\\\/\\\/glebokuracja.pl\\\/sklep\\\/\"},{\"@type\":\"ListItem\",\"position\":2,\"name\":\"Koszyk\"}]},{\"@type\":\"WebSite\",\"@id\":\"https:\\\/\\\/glebokuracja.pl\\\/sklep\\\/#website\",\"url\":\"https:\\\/\\\/glebokuracja.pl\\\/sklep\\\/\",\"name\":\"Zam\u00f3w Online \\\/ Glebokuracja\",\"description\":\"\",\"publisher\":{\"@id\":\"https:\\\/\\\/glebokuracja.pl\\\/sklep\\\/#organization\"},\"potentialAction\":[{\"@type\":\"SearchAction\",\"target\":{\"@type\":\"EntryPoint\",\"urlTemplate\":\"https:\\\/\\\/glebokuracja.pl\\\/sklep\\\/?s={search_term_string}\"},\"query-input\":{\"@type\":\"PropertyValueSpecification\",\"valueRequired\":true,\"valueName\":\"search_term_string\"}}],\"inLanguage\":\"pl-PL\"},{\"@type\":\"Organization\",\"@id\":\"https:\\\/\\\/glebokuracja.pl\\\/sklep\\\/#organization\",\"name\":\"Zam\u00f3w Online \\\/ Glebokuracja\",\"url\":\"https:\\\/\\\/glebokuracja.pl\\\/sklep\\\/\",\"logo\":{\"@type\":\"ImageObject\",\"inLanguage\":\"pl-PL\",\"@id\":\"https:\\\/\\\/glebokuracja.pl\\\/sklep\\\/#\\\/schema\\\/logo\\\/image\\\/\",\"url\":\"https:\\\/\\\/glebokuracja.pl\\\/sklep\\\/wp-content\\\/uploads\\\/2024\\\/12\\\/glebokuracja-logo.webp\",\"contentUrl\":\"https:\\\/\\\/glebokuracja.pl\\\/sklep\\\/wp-content\\\/uploads\\\/2024\\\/12\\\/glebokuracja-logo.webp\",\"width\":250,\"height\":66,\"caption\":\"Zam\u00f3w Online \\\/ Glebokuracja\"},\"image\":{\"@id\":\"https:\\\/\\\/glebokuracja.pl\\\/sklep\\\/#\\\/schema\\\/logo\\\/image\\\/\"}}]}<\/script>\n<!-- \/ Yoast SEO plugin. -->","yoast_head_json":{"title":"Koszyk - Zam\u00f3w Online \/ Glebokuracja","description":"Sprawd\u017a zawarto\u015b\u0107 swojego koszyka w sklepie Glebokuracja.pl i sfinalizuj zam\u00f3wienie na organiczny granulowany naw\u00f3z z obornika kurzego.","robots":{"index":"index","follow":"follow","max-snippet":"max-snippet:-1","max-image-preview":"max-image-preview:large","max-video-preview":"max-video-preview:-1"},"canonical":"https:\/\/glebokuracja.pl\/sklep\/koszyk\/","og_locale":"pl_PL","og_type":"article","og_title":"Koszyk - Zam\u00f3w Online \/ Glebokuracja","og_description":"Sprawd\u017a zawarto\u015b\u0107 swojego koszyka w sklepie Glebokuracja.pl i sfinalizuj zam\u00f3wienie na organiczny granulowany naw\u00f3z z obornika kurzego.","og_url":"https:\/\/glebokuracja.pl\/sklep\/koszyk\/","og_site_name":"Zam\u00f3w Online \/ Glebokuracja","article_modified_time":"2025-02-07T12:51:40+00:00","twitter_card":"summary_large_image","schema":{"@context":"https:\/\/schema.org","@graph":[{"@type":"WebPage","@id":"https:\/\/glebokuracja.pl\/sklep\/koszyk\/","url":"https:\/\/glebokuracja.pl\/sklep\/koszyk\/","name":"Koszyk - Zam\u00f3w Online \/ Glebokuracja","isPartOf":{"@id":"https:\/\/glebokuracja.pl\/sklep\/#website"},"datePublished":"2024-12-22T05:58:21+00:00","dateModified":"2025-02-07T12:51:40+00:00","description":"Sprawd\u017a zawarto\u015b\u0107 swojego koszyka w sklepie Glebokuracja.pl i sfinalizuj zam\u00f3wienie na organiczny granulowany naw\u00f3z z obornika kurzego.","breadcrumb":{"@id":"https:\/\/glebokuracja.pl\/sklep\/koszyk\/#breadcrumb"},"inLanguage":"pl-PL","potentialAction":[{"@type":"ReadAction","target":["https:\/\/glebokuracja.pl\/sklep\/koszyk\/"]}]},{"@type":"BreadcrumbList","@id":"https:\/\/glebokuracja.pl\/sklep\/koszyk\/#breadcrumb","itemListElement":[{"@type":"ListItem","position":1,"name":"Glebokuracja","item":"https:\/\/glebokuracja.pl\/sklep\/"},{"@type":"ListItem","position":2,"name":"Koszyk"}]},{"@type":"WebSite","@id":"https:\/\/glebokuracja.pl\/sklep\/#website","url":"https:\/\/glebokuracja.pl\/sklep\/","name":"Zam\u00f3w Online \/ Glebokuracja","description":"","publisher":{"@id":"https:\/\/glebokuracja.pl\/sklep\/#organization"},"potentialAction":[{"@type":"SearchAction","target":{"@type":"EntryPoint","urlTemplate":"https:\/\/glebokuracja.pl\/sklep\/?s={search_term_string}"},"query-input":{"@type":"PropertyValueSpecification","valueRequired":true,"valueName":"search_term_string"}}],"inLanguage":"pl-PL"},{"@type":"Organization","@id":"https:\/\/glebokuracja.pl\/sklep\/#organization","name":"Zam\u00f3w Online \/ Glebokuracja","url":"https:\/\/glebokuracja.pl\/sklep\/","logo":{"@type":"ImageObject","inLanguage":"pl-PL","@id":"https:\/\/glebokuracja.pl\/sklep\/#\/schema\/logo\/image\/","url":"https:\/\/glebokuracja.pl\/sklep\/wp-content\/uploads\/2024\/12\/glebokuracja-logo.webp","contentUrl":"https:\/\/glebokuracja.pl\/sklep\/wp-content\/uploads\/2024\/12\/glebokuracja-logo.webp","width":250,"height":66,"caption":"Zam\u00f3w Online \/ Glebokuracja"},"image":{"@id":"https:\/\/glebokuracja.pl\/sklep\/#\/schema\/logo\/image\/"}}]}},"_links":{"self":[{"href":"https:\/\/glebokuracja.pl\/sklep\/wp-json\/wp\/v2\/pages\/102","targetHints":{"allow":["GET"]}}],"collection":[{"href":"https:\/\/glebokuracja.pl\/sklep\/wp-json\/wp\/v2\/pages"}],"about":[{"href":"https:\/\/glebokuracja.pl\/sklep\/wp-json\/wp\/v2\/types\/page"}],"author":[{"embeddable":true,"href":"https:\/\/glebokuracja.pl\/sklep\/wp-json\/wp\/v2\/users\/1"}],"replies":[{"embeddable":true,"href":"https:\/\/glebokuracja.pl\/sklep\/wp-json\/wp\/v2\/comments?post=102"}],"version-history":[{"count":1,"href":"https:\/\/glebokuracja.pl\/sklep\/wp-json\/wp\/v2\/pages\/102\/revisions"}],"predecessor-version":[{"id":105,"href":"https:\/\/glebokuracja.pl\/sklep\/wp-json\/wp\/v2\/pages\/102\/revisions\/105"}],"wp:attachment":[{"href":"https:\/\/glebokuracja.pl\/sklep\/wp-json\/wp\/v2\/media?parent=102"}],"curies":[{"name":"wp","href":"https:\/\/api.w.org\/{rel}","templated":true}]}}