{"id":12,"date":"2024-12-18T14:21:28","date_gmt":"2024-12-18T13:21:28","guid":{"rendered":"https:\/\/glebokuracja.pl\/sklep\/?page_id=12"},"modified":"2025-02-07T13:58:01","modified_gmt":"2025-02-07T12:58:01","slug":"polityka-plikow-cookies","status":"publish","type":"page","link":"https:\/\/glebokuracja.pl\/sklep\/polityka-plikow-cookies\/","title":{"rendered":"Polityka plik\u00f3w Cookies"},"content":{"rendered":"\n<ol class=\"wp-block-list\">\n<li>Witryna\u00a0<strong>glebokuracja.pl<\/strong>\u00a0wykorzystuje pliki Cookies, czyli pliki tekstowe zapisywane na komputerze u\u017cytkownika, identyfikuj\u0105ce go w spos\u00f3b potrzebny do umo\u017cliwienia niekt\u00f3rych operacji. Pliki Cookies wykorzystywane s\u0105 mi\u0119dzy innymi do zapami\u0119tywania danych niezb\u0119dnych do logowania u\u017cytkownika. Warunkiem dzia\u0142ania Cookies jest ich akceptacja przez przegl\u0105dark\u0119 oraz nieusuwanie ich z dysku.<\/li>\n\n\n\n<li>Strona korzysta z plik\u00f3w Cookies \u201esesyjnych\u201d (zapisywane do czasu opuszczenia strony, zamkni\u0119cia przegl\u0105darki) oraz \u201esta\u0142ych\u201d (zapisywane na komputerze na okre\u015blony okres czasu).<\/li>\n\n\n\n<li>U\u017cytkownicy stron mog\u0105 dokona\u0107 zmiany ustawie\u0144 w tym zakresie. Przegl\u0105darka internetowa umo\u017cliwia usuni\u0119cie i blokowanie plik\u00f3w. Szczeg\u00f3\u0142owe informacje na ten temat zawarte s\u0105 w pomocy lub dokumentacji u\u017cywanej przez u\u017cytkownika przegl\u0105darki internetowej.<\/li>\n\n\n\n<li>Wy\u0142\u0105czenie plik\u00f3w Cookies najcz\u0119\u015bciej spowoduje ograniczenie lub zablokowanie niekt\u00f3rych funkcjonalno\u015bci strony.<\/li>\n\n\n\n<li>Na stronie\u00a0<strong><strong>glebokuracja<\/strong>.pl\u00a0<\/strong>wykorzystywane s\u0105 pliki Cookies strony trzeciej \u2013 Google Analytics \u2013 wi\u0119cej informacji mo\u017cna znale\u017a\u0107 na stronie:\u00a0<a href=\"http:\/\/www.google.com\/analytics\/learn\/privacy.html\">google.com\/analytics\/learn\/privacy.html<\/a><\/li>\n\n\n\n<li>Pliki Cookies stosowane na stronach internetowych\u00a0<strong><strong>glebokuracja<\/strong>.pl\u00a0<\/strong>nie przechowuj\u0105 danych osobowych.<\/li>\n<\/ol>\n","protected":false},"excerpt":{"rendered":"","protected":false},"author":1,"featured_media":0,"parent":0,"menu_order":0,"comment_status":"closed","ping_status":"closed","template":"","meta":{"footnotes":""},"class_list":["post-12","page","type-page","status-publish","hentry"],"yoast_head":"<!-- This site is optimized with the Yoast SEO plugin v27.4 - https:\/\/yoast.com\/product\/yoast-seo-wordpress\/ -->\n<title>Polityka plik\u00f3w Cookies - Zam\u00f3w Online \/ Glebokuracja<\/title>\n<meta name=\"description\" content=\"Polityka plik\u00f3w cookies wyja\u015bnia, w jaki spos\u00f3b Glebokuracja.pl u\u017cywa plik\u00f3w cookies do poprawy funkcjonalno\u015bci strony i analizowania ruchu.\" \/>\n<meta name=\"robots\" content=\"index, follow, max-snippet:-1, max-image-preview:large, max-video-preview:-1\" \/>\n<link rel=\"canonical\" href=\"https:\/\/glebokuracja.pl\/sklep\/polityka-plikow-cookies\/\" \/>\n<meta property=\"og:locale\" content=\"pl_PL\" \/>\n<meta property=\"og:type\" content=\"article\" \/>\n<meta property=\"og:title\" content=\"Polityka plik\u00f3w Cookies - Zam\u00f3w Online \/ Glebokuracja\" \/>\n<meta property=\"og:description\" content=\"Polityka plik\u00f3w cookies wyja\u015bnia, w jaki spos\u00f3b Glebokuracja.pl u\u017cywa plik\u00f3w cookies do poprawy funkcjonalno\u015bci strony i analizowania ruchu.\" \/>\n<meta property=\"og:url\" content=\"https:\/\/glebokuracja.pl\/sklep\/polityka-plikow-cookies\/\" \/>\n<meta property=\"og:site_name\" content=\"Zam\u00f3w Online \/ Glebokuracja\" \/>\n<meta property=\"article:modified_time\" content=\"2025-02-07T12:58:01+00:00\" \/>\n<meta name=\"twitter:card\" content=\"summary_large_image\" \/>\n<meta name=\"twitter:label1\" content=\"Szacowany czas czytania\" \/>\n\t<meta name=\"twitter:data1\" content=\"1 minuta\" \/>\n<script type=\"application\/ld+json\" class=\"yoast-schema-graph\">{\"@context\":\"https:\\\/\\\/schema.org\",\"@graph\":[{\"@type\":\"WebPage\",\"@id\":\"https:\\\/\\\/glebokuracja.pl\\\/sklep\\\/polityka-plikow-cookies\\\/\",\"url\":\"https:\\\/\\\/glebokuracja.pl\\\/sklep\\\/polityka-plikow-cookies\\\/\",\"name\":\"Polityka plik\u00f3w Cookies - Zam\u00f3w Online \\\/ Glebokuracja\",\"isPartOf\":{\"@id\":\"https:\\\/\\\/glebokuracja.pl\\\/sklep\\\/#website\"},\"datePublished\":\"2024-12-18T13:21:28+00:00\",\"dateModified\":\"2025-02-07T12:58:01+00:00\",\"description\":\"Polityka plik\u00f3w cookies wyja\u015bnia, w jaki spos\u00f3b Glebokuracja.pl u\u017cywa plik\u00f3w cookies do poprawy funkcjonalno\u015bci strony i analizowania ruchu.\",\"breadcrumb\":{\"@id\":\"https:\\\/\\\/glebokuracja.pl\\\/sklep\\\/polityka-plikow-cookies\\\/#breadcrumb\"},\"inLanguage\":\"pl-PL\",\"potentialAction\":[{\"@type\":\"ReadAction\",\"target\":[\"https:\\\/\\\/glebokuracja.pl\\\/sklep\\\/polityka-plikow-cookies\\\/\"]}]},{\"@type\":\"BreadcrumbList\",\"@id\":\"https:\\\/\\\/glebokuracja.pl\\\/sklep\\\/polityka-plikow-cookies\\\/#breadcrumb\",\"itemListElement\":[{\"@type\":\"ListItem\",\"position\":1,\"name\":\"Glebokuracja\",\"item\":\"https:\\\/\\\/glebokuracja.pl\\\/sklep\\\/\"},{\"@type\":\"ListItem\",\"position\":2,\"name\":\"Polityka plik\u00f3w Cookies\"}]},{\"@type\":\"WebSite\",\"@id\":\"https:\\\/\\\/glebokuracja.pl\\\/sklep\\\/#website\",\"url\":\"https:\\\/\\\/glebokuracja.pl\\\/sklep\\\/\",\"name\":\"Zam\u00f3w Online \\\/ Glebokuracja\",\"description\":\"\",\"publisher\":{\"@id\":\"https:\\\/\\\/glebokuracja.pl\\\/sklep\\\/#organization\"},\"potentialAction\":[{\"@type\":\"SearchAction\",\"target\":{\"@type\":\"EntryPoint\",\"urlTemplate\":\"https:\\\/\\\/glebokuracja.pl\\\/sklep\\\/?s={search_term_string}\"},\"query-input\":{\"@type\":\"PropertyValueSpecification\",\"valueRequired\":true,\"valueName\":\"search_term_string\"}}],\"inLanguage\":\"pl-PL\"},{\"@type\":\"Organization\",\"@id\":\"https:\\\/\\\/glebokuracja.pl\\\/sklep\\\/#organization\",\"name\":\"Zam\u00f3w Online \\\/ Glebokuracja\",\"url\":\"https:\\\/\\\/glebokuracja.pl\\\/sklep\\\/\",\"logo\":{\"@type\":\"ImageObject\",\"inLanguage\":\"pl-PL\",\"@id\":\"https:\\\/\\\/glebokuracja.pl\\\/sklep\\\/#\\\/schema\\\/logo\\\/image\\\/\",\"url\":\"https:\\\/\\\/glebokuracja.pl\\\/sklep\\\/wp-content\\\/uploads\\\/2024\\\/12\\\/glebokuracja-logo.webp\",\"contentUrl\":\"https:\\\/\\\/glebokuracja.pl\\\/sklep\\\/wp-content\\\/uploads\\\/2024\\\/12\\\/glebokuracja-logo.webp\",\"width\":250,\"height\":66,\"caption\":\"Zam\u00f3w Online \\\/ Glebokuracja\"},\"image\":{\"@id\":\"https:\\\/\\\/glebokuracja.pl\\\/sklep\\\/#\\\/schema\\\/logo\\\/image\\\/\"}}]}<\/script>\n<!-- \/ Yoast SEO plugin. -->","yoast_head_json":{"title":"Polityka plik\u00f3w Cookies - Zam\u00f3w Online \/ Glebokuracja","description":"Polityka plik\u00f3w cookies wyja\u015bnia, w jaki spos\u00f3b Glebokuracja.pl u\u017cywa plik\u00f3w cookies do poprawy funkcjonalno\u015bci strony i analizowania ruchu.","robots":{"index":"index","follow":"follow","max-snippet":"max-snippet:-1","max-image-preview":"max-image-preview:large","max-video-preview":"max-video-preview:-1"},"canonical":"https:\/\/glebokuracja.pl\/sklep\/polityka-plikow-cookies\/","og_locale":"pl_PL","og_type":"article","og_title":"Polityka plik\u00f3w Cookies - Zam\u00f3w Online \/ Glebokuracja","og_description":"Polityka plik\u00f3w cookies wyja\u015bnia, w jaki spos\u00f3b Glebokuracja.pl u\u017cywa plik\u00f3w cookies do poprawy funkcjonalno\u015bci strony i analizowania ruchu.","og_url":"https:\/\/glebokuracja.pl\/sklep\/polityka-plikow-cookies\/","og_site_name":"Zam\u00f3w Online \/ Glebokuracja","article_modified_time":"2025-02-07T12:58:01+00:00","twitter_card":"summary_large_image","twitter_misc":{"Szacowany czas czytania":"1 minuta"},"schema":{"@context":"https:\/\/schema.org","@graph":[{"@type":"WebPage","@id":"https:\/\/glebokuracja.pl\/sklep\/polityka-plikow-cookies\/","url":"https:\/\/glebokuracja.pl\/sklep\/polityka-plikow-cookies\/","name":"Polityka plik\u00f3w Cookies - Zam\u00f3w Online \/ Glebokuracja","isPartOf":{"@id":"https:\/\/glebokuracja.pl\/sklep\/#website"},"datePublished":"2024-12-18T13:21:28+00:00","dateModified":"2025-02-07T12:58:01+00:00","description":"Polityka plik\u00f3w cookies wyja\u015bnia, w jaki spos\u00f3b Glebokuracja.pl u\u017cywa plik\u00f3w cookies do poprawy funkcjonalno\u015bci strony i analizowania ruchu.","breadcrumb":{"@id":"https:\/\/glebokuracja.pl\/sklep\/polityka-plikow-cookies\/#breadcrumb"},"inLanguage":"pl-PL","potentialAction":[{"@type":"ReadAction","target":["https:\/\/glebokuracja.pl\/sklep\/polityka-plikow-cookies\/"]}]},{"@type":"BreadcrumbList","@id":"https:\/\/glebokuracja.pl\/sklep\/polityka-plikow-cookies\/#breadcrumb","itemListElement":[{"@type":"ListItem","position":1,"name":"Glebokuracja","item":"https:\/\/glebokuracja.pl\/sklep\/"},{"@type":"ListItem","position":2,"name":"Polityka plik\u00f3w Cookies"}]},{"@type":"WebSite","@id":"https:\/\/glebokuracja.pl\/sklep\/#website","url":"https:\/\/glebokuracja.pl\/sklep\/","name":"Zam\u00f3w Online \/ Glebokuracja","description":"","publisher":{"@id":"https:\/\/glebokuracja.pl\/sklep\/#organization"},"potentialAction":[{"@type":"SearchAction","target":{"@type":"EntryPoint","urlTemplate":"https:\/\/glebokuracja.pl\/sklep\/?s={search_term_string}"},"query-input":{"@type":"PropertyValueSpecification","valueRequired":true,"valueName":"search_term_string"}}],"inLanguage":"pl-PL"},{"@type":"Organization","@id":"https:\/\/glebokuracja.pl\/sklep\/#organization","name":"Zam\u00f3w Online \/ Glebokuracja","url":"https:\/\/glebokuracja.pl\/sklep\/","logo":{"@type":"ImageObject","inLanguage":"pl-PL","@id":"https:\/\/glebokuracja.pl\/sklep\/#\/schema\/logo\/image\/","url":"https:\/\/glebokuracja.pl\/sklep\/wp-content\/uploads\/2024\/12\/glebokuracja-logo.webp","contentUrl":"https:\/\/glebokuracja.pl\/sklep\/wp-content\/uploads\/2024\/12\/glebokuracja-logo.webp","width":250,"height":66,"caption":"Zam\u00f3w Online \/ Glebokuracja"},"image":{"@id":"https:\/\/glebokuracja.pl\/sklep\/#\/schema\/logo\/image\/"}}]}},"_links":{"self":[{"href":"https:\/\/glebokuracja.pl\/sklep\/wp-json\/wp\/v2\/pages\/12","targetHints":{"allow":["GET"]}}],"collection":[{"href":"https:\/\/glebokuracja.pl\/sklep\/wp-json\/wp\/v2\/pages"}],"about":[{"href":"https:\/\/glebokuracja.pl\/sklep\/wp-json\/wp\/v2\/types\/page"}],"author":[{"embeddable":true,"href":"https:\/\/glebokuracja.pl\/sklep\/wp-json\/wp\/v2\/users\/1"}],"replies":[{"embeddable":true,"href":"https:\/\/glebokuracja.pl\/sklep\/wp-json\/wp\/v2\/comments?post=12"}],"version-history":[{"count":1,"href":"https:\/\/glebokuracja.pl\/sklep\/wp-json\/wp\/v2\/pages\/12\/revisions"}],"predecessor-version":[{"id":106,"href":"https:\/\/glebokuracja.pl\/sklep\/wp-json\/wp\/v2\/pages\/12\/revisions\/106"}],"wp:attachment":[{"href":"https:\/\/glebokuracja.pl\/sklep\/wp-json\/wp\/v2\/media?parent=12"}],"curies":[{"name":"wp","href":"https:\/\/api.w.org\/{rel}","templated":true}]}}