{"id":18,"date":"2024-12-18T14:28:38","date_gmt":"2024-12-18T13:28:38","guid":{"rendered":"https:\/\/glebokuracja.pl\/sklep\/moje-konto\/"},"modified":"2025-02-07T13:52:58","modified_gmt":"2025-02-07T12:52:58","slug":"moje-konto","status":"publish","type":"page","link":"https:\/\/glebokuracja.pl\/sklep\/moje-konto\/","title":{"rendered":"Moje konto"},"content":{"rendered":"<div class=\"woocommerce\"><\/div>\n","protected":false},"excerpt":{"rendered":"","protected":false},"author":1,"featured_media":0,"parent":0,"menu_order":0,"comment_status":"closed","ping_status":"closed","template":"","meta":{"footnotes":""},"class_list":["post-18","page","type-page","status-publish","hentry"],"yoast_head":"<!-- This site is optimized with the Yoast SEO plugin v27.4 - https:\/\/yoast.com\/product\/yoast-seo-wordpress\/ -->\n<title>Moje konto - Zam\u00f3w Online \/ Glebokuracja<\/title>\n<meta name=\"description\" content=\"Zarz\u0105dzaj swoim kontem na Glebokuracja.pl \u2013 sprawdzaj histori\u0119 zam\u00f3wie\u0144, aktualizuj dane i \u015bled\u017a statusy przesy\u0142ek.\" \/>\n<meta name=\"robots\" content=\"index, follow, max-snippet:-1, max-image-preview:large, max-video-preview:-1\" \/>\n<link rel=\"canonical\" href=\"https:\/\/glebokuracja.pl\/sklep\/moje-konto\/\" \/>\n<meta property=\"og:locale\" content=\"pl_PL\" \/>\n<meta property=\"og:type\" content=\"article\" \/>\n<meta property=\"og:title\" content=\"Moje konto - Zam\u00f3w Online \/ Glebokuracja\" \/>\n<meta property=\"og:description\" content=\"Zarz\u0105dzaj swoim kontem na Glebokuracja.pl \u2013 sprawdzaj histori\u0119 zam\u00f3wie\u0144, aktualizuj dane i \u015bled\u017a statusy przesy\u0142ek.\" \/>\n<meta property=\"og:url\" content=\"https:\/\/glebokuracja.pl\/sklep\/moje-konto\/\" \/>\n<meta property=\"og:site_name\" content=\"Zam\u00f3w Online \/ Glebokuracja\" \/>\n<meta property=\"article:modified_time\" content=\"2025-02-07T12:52:58+00:00\" \/>\n<meta name=\"twitter:card\" content=\"summary_large_image\" \/>\n<script type=\"application\/ld+json\" class=\"yoast-schema-graph\">{\"@context\":\"https:\\\/\\\/schema.org\",\"@graph\":[{\"@type\":\"WebPage\",\"@id\":\"https:\\\/\\\/glebokuracja.pl\\\/sklep\\\/moje-konto\\\/\",\"url\":\"https:\\\/\\\/glebokuracja.pl\\\/sklep\\\/moje-konto\\\/\",\"name\":\"Moje konto - Zam\u00f3w Online \\\/ Glebokuracja\",\"isPartOf\":{\"@id\":\"https:\\\/\\\/glebokuracja.pl\\\/sklep\\\/#website\"},\"datePublished\":\"2024-12-18T13:28:38+00:00\",\"dateModified\":\"2025-02-07T12:52:58+00:00\",\"description\":\"Zarz\u0105dzaj swoim kontem na Glebokuracja.pl \u2013 sprawdzaj histori\u0119 zam\u00f3wie\u0144, aktualizuj dane i \u015bled\u017a statusy przesy\u0142ek.\",\"breadcrumb\":{\"@id\":\"https:\\\/\\\/glebokuracja.pl\\\/sklep\\\/moje-konto\\\/#breadcrumb\"},\"inLanguage\":\"pl-PL\",\"potentialAction\":[{\"@type\":\"ReadAction\",\"target\":[\"https:\\\/\\\/glebokuracja.pl\\\/sklep\\\/moje-konto\\\/\"]}]},{\"@type\":\"BreadcrumbList\",\"@id\":\"https:\\\/\\\/glebokuracja.pl\\\/sklep\\\/moje-konto\\\/#breadcrumb\",\"itemListElement\":[{\"@type\":\"ListItem\",\"position\":1,\"name\":\"Glebokuracja\",\"item\":\"https:\\\/\\\/glebokuracja.pl\\\/sklep\\\/\"},{\"@type\":\"ListItem\",\"position\":2,\"name\":\"Moje konto\"}]},{\"@type\":\"WebSite\",\"@id\":\"https:\\\/\\\/glebokuracja.pl\\\/sklep\\\/#website\",\"url\":\"https:\\\/\\\/glebokuracja.pl\\\/sklep\\\/\",\"name\":\"Zam\u00f3w Online \\\/ Glebokuracja\",\"description\":\"\",\"publisher\":{\"@id\":\"https:\\\/\\\/glebokuracja.pl\\\/sklep\\\/#organization\"},\"potentialAction\":[{\"@type\":\"SearchAction\",\"target\":{\"@type\":\"EntryPoint\",\"urlTemplate\":\"https:\\\/\\\/glebokuracja.pl\\\/sklep\\\/?s={search_term_string}\"},\"query-input\":{\"@type\":\"PropertyValueSpecification\",\"valueRequired\":true,\"valueName\":\"search_term_string\"}}],\"inLanguage\":\"pl-PL\"},{\"@type\":\"Organization\",\"@id\":\"https:\\\/\\\/glebokuracja.pl\\\/sklep\\\/#organization\",\"name\":\"Zam\u00f3w Online \\\/ Glebokuracja\",\"url\":\"https:\\\/\\\/glebokuracja.pl\\\/sklep\\\/\",\"logo\":{\"@type\":\"ImageObject\",\"inLanguage\":\"pl-PL\",\"@id\":\"https:\\\/\\\/glebokuracja.pl\\\/sklep\\\/#\\\/schema\\\/logo\\\/image\\\/\",\"url\":\"https:\\\/\\\/glebokuracja.pl\\\/sklep\\\/wp-content\\\/uploads\\\/2024\\\/12\\\/glebokuracja-logo.webp\",\"contentUrl\":\"https:\\\/\\\/glebokuracja.pl\\\/sklep\\\/wp-content\\\/uploads\\\/2024\\\/12\\\/glebokuracja-logo.webp\",\"width\":250,\"height\":66,\"caption\":\"Zam\u00f3w Online \\\/ Glebokuracja\"},\"image\":{\"@id\":\"https:\\\/\\\/glebokuracja.pl\\\/sklep\\\/#\\\/schema\\\/logo\\\/image\\\/\"}}]}<\/script>\n<!-- \/ Yoast SEO plugin. -->","yoast_head_json":{"title":"Moje konto - Zam\u00f3w Online \/ Glebokuracja","description":"Zarz\u0105dzaj swoim kontem na Glebokuracja.pl \u2013 sprawdzaj histori\u0119 zam\u00f3wie\u0144, aktualizuj dane i \u015bled\u017a statusy przesy\u0142ek.","robots":{"index":"index","follow":"follow","max-snippet":"max-snippet:-1","max-image-preview":"max-image-preview:large","max-video-preview":"max-video-preview:-1"},"canonical":"https:\/\/glebokuracja.pl\/sklep\/moje-konto\/","og_locale":"pl_PL","og_type":"article","og_title":"Moje konto - Zam\u00f3w Online \/ Glebokuracja","og_description":"Zarz\u0105dzaj swoim kontem na Glebokuracja.pl \u2013 sprawdzaj histori\u0119 zam\u00f3wie\u0144, aktualizuj dane i \u015bled\u017a statusy przesy\u0142ek.","og_url":"https:\/\/glebokuracja.pl\/sklep\/moje-konto\/","og_site_name":"Zam\u00f3w Online \/ Glebokuracja","article_modified_time":"2025-02-07T12:52:58+00:00","twitter_card":"summary_large_image","schema":{"@context":"https:\/\/schema.org","@graph":[{"@type":"WebPage","@id":"https:\/\/glebokuracja.pl\/sklep\/moje-konto\/","url":"https:\/\/glebokuracja.pl\/sklep\/moje-konto\/","name":"Moje konto - Zam\u00f3w Online \/ Glebokuracja","isPartOf":{"@id":"https:\/\/glebokuracja.pl\/sklep\/#website"},"datePublished":"2024-12-18T13:28:38+00:00","dateModified":"2025-02-07T12:52:58+00:00","description":"Zarz\u0105dzaj swoim kontem na Glebokuracja.pl \u2013 sprawdzaj histori\u0119 zam\u00f3wie\u0144, aktualizuj dane i \u015bled\u017a statusy przesy\u0142ek.","breadcrumb":{"@id":"https:\/\/glebokuracja.pl\/sklep\/moje-konto\/#breadcrumb"},"inLanguage":"pl-PL","potentialAction":[{"@type":"ReadAction","target":["https:\/\/glebokuracja.pl\/sklep\/moje-konto\/"]}]},{"@type":"BreadcrumbList","@id":"https:\/\/glebokuracja.pl\/sklep\/moje-konto\/#breadcrumb","itemListElement":[{"@type":"ListItem","position":1,"name":"Glebokuracja","item":"https:\/\/glebokuracja.pl\/sklep\/"},{"@type":"ListItem","position":2,"name":"Moje konto"}]},{"@type":"WebSite","@id":"https:\/\/glebokuracja.pl\/sklep\/#website","url":"https:\/\/glebokuracja.pl\/sklep\/","name":"Zam\u00f3w Online \/ Glebokuracja","description":"","publisher":{"@id":"https:\/\/glebokuracja.pl\/sklep\/#organization"},"potentialAction":[{"@type":"SearchAction","target":{"@type":"EntryPoint","urlTemplate":"https:\/\/glebokuracja.pl\/sklep\/?s={search_term_string}"},"query-input":{"@type":"PropertyValueSpecification","valueRequired":true,"valueName":"search_term_string"}}],"inLanguage":"pl-PL"},{"@type":"Organization","@id":"https:\/\/glebokuracja.pl\/sklep\/#organization","name":"Zam\u00f3w Online \/ Glebokuracja","url":"https:\/\/glebokuracja.pl\/sklep\/","logo":{"@type":"ImageObject","inLanguage":"pl-PL","@id":"https:\/\/glebokuracja.pl\/sklep\/#\/schema\/logo\/image\/","url":"https:\/\/glebokuracja.pl\/sklep\/wp-content\/uploads\/2024\/12\/glebokuracja-logo.webp","contentUrl":"https:\/\/glebokuracja.pl\/sklep\/wp-content\/uploads\/2024\/12\/glebokuracja-logo.webp","width":250,"height":66,"caption":"Zam\u00f3w Online \/ Glebokuracja"},"image":{"@id":"https:\/\/glebokuracja.pl\/sklep\/#\/schema\/logo\/image\/"}}]}},"_links":{"self":[{"href":"https:\/\/glebokuracja.pl\/sklep\/wp-json\/wp\/v2\/pages\/18","targetHints":{"allow":["GET"]}}],"collection":[{"href":"https:\/\/glebokuracja.pl\/sklep\/wp-json\/wp\/v2\/pages"}],"about":[{"href":"https:\/\/glebokuracja.pl\/sklep\/wp-json\/wp\/v2\/types\/page"}],"author":[{"embeddable":true,"href":"https:\/\/glebokuracja.pl\/sklep\/wp-json\/wp\/v2\/users\/1"}],"replies":[{"embeddable":true,"href":"https:\/\/glebokuracja.pl\/sklep\/wp-json\/wp\/v2\/comments?post=18"}],"version-history":[{"count":1,"href":"https:\/\/glebokuracja.pl\/sklep\/wp-json\/wp\/v2\/pages\/18\/revisions"}],"predecessor-version":[{"id":227,"href":"https:\/\/glebokuracja.pl\/sklep\/wp-json\/wp\/v2\/pages\/18\/revisions\/227"}],"wp:attachment":[{"href":"https:\/\/glebokuracja.pl\/sklep\/wp-json\/wp\/v2\/media?parent=18"}],"curies":[{"name":"wp","href":"https:\/\/api.w.org\/{rel}","templated":true}]}}