{"id":19,"date":"2024-12-22T06:33:21","date_gmt":"2024-12-22T05:33:21","guid":{"rendered":"https:\/\/glebokuracja.pl\/sklep\/?page_id=19"},"modified":"2025-02-13T10:13:05","modified_gmt":"2025-02-13T09:13:05","slug":"zwroty","status":"publish","type":"page","link":"https:\/\/glebokuracja.pl\/sklep\/zwroty\/","title":{"rendered":"Polityka zwrot\u00f3w i reklamacji"},"content":{"rendered":"\n<p id=\"wd-2a55b69b\" class=\"wp-block-wd-paragraph\"><strong>1. Prawo odst\u0105pienia od umowy<\/strong>&nbsp;<\/p>\n\n\n\n<ul id=\"wd-9a5b1d99\" class=\"wp-block-wd-list wd-list wd-type-unordered wd-style-default\">\n<li id=\"wd-d3289830\" class=\"wp-block-wd-list-item\"><div class=\"wd-icon\"><\/div><span class=\"wd-list-content\">1.1. Kupuj\u0105cy ma prawo odst\u0105pi\u0107 od umowy w terminie 14 dni od dnia&nbsp;otrzymania towaru bez podania przyczyny.&nbsp;<\/span><\/li>\n\n\n\n<li id=\"wd-4dd0ce08\" class=\"wp-block-wd-list-item\"><div class=\"wd-icon\"><\/div><span class=\"wd-list-content\">1.2. Aby skorzysta\u0107 z prawa odst\u0105pienia, Kupuj\u0105cy musi poinformowa\u0107\u00a0Sprzedawc\u0119 poprzez e-mail <a href=\"mailto:kontakt@jwrolnictwo.pl\">kontakt@jwrolnictwo.pl<\/a> lub listownie na\u00a0adres siedziby firmy:<br>JW Rolnictwo Produkcja Nawoz\u00f3w ul. Ownia 53 08-500 Ryki wype\u0142niaj\u0105c <a href=\"https:\/\/glebokuracja.pl\/sklep\/wp-content\/uploads\/2025\/01\/glebokuracja-zwrot.pdf\"><strong>stosowny formularz<\/strong><\/a>.<\/span><\/li>\n\n\n\n<li id=\"wd-b8f6244e\" class=\"wp-block-wd-list-item\"><div class=\"wd-icon\"><\/div><span class=\"wd-list-content\">1.3. Towar powinien zosta\u0107 odes\u0142any na adres Sprzedawcy na koszt\u00a0Kupuj\u0105cego w terminie\u00a014 dni od zg\u0142oszenia odst\u0105pienia na adres: Ownia 53, 08-500 Ryki.<\/span><\/li>\n\n\n\n<li id=\"wd-715468ad\" class=\"wp-block-wd-list-item\"><div class=\"wd-icon\"><\/div><span class=\"wd-list-content\">1.4. Zwrot \u015brodk\u00f3w zostanie dokonany w terminie 14 dni od momentu otrzymania zwracanego produktu.<\/span><\/li>\n<\/ul>\n\n\n\n<p id=\"wd-f0af9edb\" class=\"wp-block-wd-paragraph\"><strong>2. Reklamacje&nbsp;<\/strong><\/p>\n\n\n\n<ul id=\"wd-3754d973\" class=\"wp-block-wd-list wd-list wd-type-unordered wd-style-default\">\n<li id=\"wd-c32ff4c7\" class=\"wp-block-wd-list-item\"><div class=\"wd-icon\"><\/div><span class=\"wd-list-content\">2.1. W przypadku stwierdzenia wad towaru Kupuj\u0105cy mo\u017ce zg\u0142osi\u0107 reklamacj\u0119 w formie pisemnej lub elektronicznej.&nbsp;<\/span><\/li>\n\n\n\n<li id=\"wd-94bb995b\" class=\"wp-block-wd-list-item\"><div class=\"wd-icon\"><\/div><span class=\"wd-list-content\">2.2. Reklamacje nale\u017cy zg\u0142asza\u0107 na adres e-mail: <a href=\"mailto:kontakt@jwrolnictwo.pl\">kontakt@jwrolnictwo.pl<\/a> lub listownie na adres siedziby firmy:<br>JW Rolnictwo Produkcja Nawoz\u00f3w ul. Ownia 53 08-500 Ryki.<\/span><\/li>\n\n\n\n<li id=\"wd-c2bd808d\" class=\"wp-block-wd-list-item\"><div class=\"wd-icon\"><\/div><span class=\"wd-list-content\">2.3. Reklamacje rozpatrywane s\u0105 w terminie 14 dni od ich otrzymania.<\/span><\/li>\n\n\n\n<li id=\"wd-d7f47b2d\" class=\"wp-block-wd-list-item\"><div class=\"wd-icon\"><\/div><span class=\"wd-list-content\">2.4. Zwrot \u015brodk\u00f3w zostanie dokonany w terminie 14 dni od momentu otrzymania zwracanego produktu.<\/span><\/li>\n<\/ul>\n\n\n\n<p><\/p>\n","protected":false},"excerpt":{"rendered":"","protected":false},"author":1,"featured_media":0,"parent":0,"menu_order":0,"comment_status":"closed","ping_status":"closed","template":"","meta":{"footnotes":""},"class_list":["post-19","page","type-page","status-publish","hentry"],"yoast_head":"<!-- This site is optimized with the Yoast SEO plugin v27.4 - https:\/\/yoast.com\/product\/yoast-seo-wordpress\/ -->\n<title>Polityka zwrot\u00f3w i reklamacji - Zam\u00f3w Online \/ Glebokuracja<\/title>\n<meta name=\"description\" content=\"Zapoznaj si\u0119 z warunkami zwrot\u00f3w w Glebokuracja.pl. Przeczytaj, jak przebiega proces zwrotu towaru i jakie s\u0105 Twoje prawa jako konsumenta.\" \/>\n<meta name=\"robots\" content=\"index, follow, max-snippet:-1, max-image-preview:large, max-video-preview:-1\" \/>\n<link rel=\"canonical\" href=\"https:\/\/glebokuracja.pl\/sklep\/zwroty\/\" \/>\n<meta property=\"og:locale\" content=\"pl_PL\" \/>\n<meta property=\"og:type\" content=\"article\" \/>\n<meta property=\"og:title\" content=\"Polityka zwrot\u00f3w i reklamacji - Zam\u00f3w Online \/ Glebokuracja\" \/>\n<meta property=\"og:description\" content=\"Zapoznaj si\u0119 z warunkami zwrot\u00f3w w Glebokuracja.pl. Przeczytaj, jak przebiega proces zwrotu towaru i jakie s\u0105 Twoje prawa jako konsumenta.\" \/>\n<meta property=\"og:url\" content=\"https:\/\/glebokuracja.pl\/sklep\/zwroty\/\" \/>\n<meta property=\"og:site_name\" content=\"Zam\u00f3w Online \/ Glebokuracja\" \/>\n<meta property=\"article:modified_time\" content=\"2025-02-13T09:13:05+00:00\" \/>\n<meta name=\"twitter:card\" content=\"summary_large_image\" \/>\n<script type=\"application\/ld+json\" class=\"yoast-schema-graph\">{\"@context\":\"https:\\\/\\\/schema.org\",\"@graph\":[{\"@type\":\"WebPage\",\"@id\":\"https:\\\/\\\/glebokuracja.pl\\\/sklep\\\/zwroty\\\/\",\"url\":\"https:\\\/\\\/glebokuracja.pl\\\/sklep\\\/zwroty\\\/\",\"name\":\"Polityka zwrot\u00f3w i reklamacji - Zam\u00f3w Online \\\/ Glebokuracja\",\"isPartOf\":{\"@id\":\"https:\\\/\\\/glebokuracja.pl\\\/sklep\\\/#website\"},\"datePublished\":\"2024-12-22T05:33:21+00:00\",\"dateModified\":\"2025-02-13T09:13:05+00:00\",\"description\":\"Zapoznaj si\u0119 z warunkami zwrot\u00f3w w Glebokuracja.pl. Przeczytaj, jak przebiega proces zwrotu towaru i jakie s\u0105 Twoje prawa jako konsumenta.\",\"breadcrumb\":{\"@id\":\"https:\\\/\\\/glebokuracja.pl\\\/sklep\\\/zwroty\\\/#breadcrumb\"},\"inLanguage\":\"pl-PL\",\"potentialAction\":[{\"@type\":\"ReadAction\",\"target\":[\"https:\\\/\\\/glebokuracja.pl\\\/sklep\\\/zwroty\\\/\"]}]},{\"@type\":\"BreadcrumbList\",\"@id\":\"https:\\\/\\\/glebokuracja.pl\\\/sklep\\\/zwroty\\\/#breadcrumb\",\"itemListElement\":[{\"@type\":\"ListItem\",\"position\":1,\"name\":\"Glebokuracja\",\"item\":\"https:\\\/\\\/glebokuracja.pl\\\/sklep\\\/\"},{\"@type\":\"ListItem\",\"position\":2,\"name\":\"Polityka zwrot\u00f3w i reklamacji\"}]},{\"@type\":\"WebSite\",\"@id\":\"https:\\\/\\\/glebokuracja.pl\\\/sklep\\\/#website\",\"url\":\"https:\\\/\\\/glebokuracja.pl\\\/sklep\\\/\",\"name\":\"Zam\u00f3w Online \\\/ Glebokuracja\",\"description\":\"\",\"publisher\":{\"@id\":\"https:\\\/\\\/glebokuracja.pl\\\/sklep\\\/#organization\"},\"potentialAction\":[{\"@type\":\"SearchAction\",\"target\":{\"@type\":\"EntryPoint\",\"urlTemplate\":\"https:\\\/\\\/glebokuracja.pl\\\/sklep\\\/?s={search_term_string}\"},\"query-input\":{\"@type\":\"PropertyValueSpecification\",\"valueRequired\":true,\"valueName\":\"search_term_string\"}}],\"inLanguage\":\"pl-PL\"},{\"@type\":\"Organization\",\"@id\":\"https:\\\/\\\/glebokuracja.pl\\\/sklep\\\/#organization\",\"name\":\"Zam\u00f3w Online \\\/ Glebokuracja\",\"url\":\"https:\\\/\\\/glebokuracja.pl\\\/sklep\\\/\",\"logo\":{\"@type\":\"ImageObject\",\"inLanguage\":\"pl-PL\",\"@id\":\"https:\\\/\\\/glebokuracja.pl\\\/sklep\\\/#\\\/schema\\\/logo\\\/image\\\/\",\"url\":\"https:\\\/\\\/glebokuracja.pl\\\/sklep\\\/wp-content\\\/uploads\\\/2024\\\/12\\\/glebokuracja-logo.webp\",\"contentUrl\":\"https:\\\/\\\/glebokuracja.pl\\\/sklep\\\/wp-content\\\/uploads\\\/2024\\\/12\\\/glebokuracja-logo.webp\",\"width\":250,\"height\":66,\"caption\":\"Zam\u00f3w Online \\\/ Glebokuracja\"},\"image\":{\"@id\":\"https:\\\/\\\/glebokuracja.pl\\\/sklep\\\/#\\\/schema\\\/logo\\\/image\\\/\"}}]}<\/script>\n<!-- \/ Yoast SEO plugin. -->","yoast_head_json":{"title":"Polityka zwrot\u00f3w i reklamacji - Zam\u00f3w Online \/ Glebokuracja","description":"Zapoznaj si\u0119 z warunkami zwrot\u00f3w w Glebokuracja.pl. Przeczytaj, jak przebiega proces zwrotu towaru i jakie s\u0105 Twoje prawa jako konsumenta.","robots":{"index":"index","follow":"follow","max-snippet":"max-snippet:-1","max-image-preview":"max-image-preview:large","max-video-preview":"max-video-preview:-1"},"canonical":"https:\/\/glebokuracja.pl\/sklep\/zwroty\/","og_locale":"pl_PL","og_type":"article","og_title":"Polityka zwrot\u00f3w i reklamacji - Zam\u00f3w Online \/ Glebokuracja","og_description":"Zapoznaj si\u0119 z warunkami zwrot\u00f3w w Glebokuracja.pl. Przeczytaj, jak przebiega proces zwrotu towaru i jakie s\u0105 Twoje prawa jako konsumenta.","og_url":"https:\/\/glebokuracja.pl\/sklep\/zwroty\/","og_site_name":"Zam\u00f3w Online \/ Glebokuracja","article_modified_time":"2025-02-13T09:13:05+00:00","twitter_card":"summary_large_image","schema":{"@context":"https:\/\/schema.org","@graph":[{"@type":"WebPage","@id":"https:\/\/glebokuracja.pl\/sklep\/zwroty\/","url":"https:\/\/glebokuracja.pl\/sklep\/zwroty\/","name":"Polityka zwrot\u00f3w i reklamacji - Zam\u00f3w Online \/ Glebokuracja","isPartOf":{"@id":"https:\/\/glebokuracja.pl\/sklep\/#website"},"datePublished":"2024-12-22T05:33:21+00:00","dateModified":"2025-02-13T09:13:05+00:00","description":"Zapoznaj si\u0119 z warunkami zwrot\u00f3w w Glebokuracja.pl. Przeczytaj, jak przebiega proces zwrotu towaru i jakie s\u0105 Twoje prawa jako konsumenta.","breadcrumb":{"@id":"https:\/\/glebokuracja.pl\/sklep\/zwroty\/#breadcrumb"},"inLanguage":"pl-PL","potentialAction":[{"@type":"ReadAction","target":["https:\/\/glebokuracja.pl\/sklep\/zwroty\/"]}]},{"@type":"BreadcrumbList","@id":"https:\/\/glebokuracja.pl\/sklep\/zwroty\/#breadcrumb","itemListElement":[{"@type":"ListItem","position":1,"name":"Glebokuracja","item":"https:\/\/glebokuracja.pl\/sklep\/"},{"@type":"ListItem","position":2,"name":"Polityka zwrot\u00f3w i reklamacji"}]},{"@type":"WebSite","@id":"https:\/\/glebokuracja.pl\/sklep\/#website","url":"https:\/\/glebokuracja.pl\/sklep\/","name":"Zam\u00f3w Online \/ Glebokuracja","description":"","publisher":{"@id":"https:\/\/glebokuracja.pl\/sklep\/#organization"},"potentialAction":[{"@type":"SearchAction","target":{"@type":"EntryPoint","urlTemplate":"https:\/\/glebokuracja.pl\/sklep\/?s={search_term_string}"},"query-input":{"@type":"PropertyValueSpecification","valueRequired":true,"valueName":"search_term_string"}}],"inLanguage":"pl-PL"},{"@type":"Organization","@id":"https:\/\/glebokuracja.pl\/sklep\/#organization","name":"Zam\u00f3w Online \/ Glebokuracja","url":"https:\/\/glebokuracja.pl\/sklep\/","logo":{"@type":"ImageObject","inLanguage":"pl-PL","@id":"https:\/\/glebokuracja.pl\/sklep\/#\/schema\/logo\/image\/","url":"https:\/\/glebokuracja.pl\/sklep\/wp-content\/uploads\/2024\/12\/glebokuracja-logo.webp","contentUrl":"https:\/\/glebokuracja.pl\/sklep\/wp-content\/uploads\/2024\/12\/glebokuracja-logo.webp","width":250,"height":66,"caption":"Zam\u00f3w Online \/ Glebokuracja"},"image":{"@id":"https:\/\/glebokuracja.pl\/sklep\/#\/schema\/logo\/image\/"}}]}},"_links":{"self":[{"href":"https:\/\/glebokuracja.pl\/sklep\/wp-json\/wp\/v2\/pages\/19","targetHints":{"allow":["GET"]}}],"collection":[{"href":"https:\/\/glebokuracja.pl\/sklep\/wp-json\/wp\/v2\/pages"}],"about":[{"href":"https:\/\/glebokuracja.pl\/sklep\/wp-json\/wp\/v2\/types\/page"}],"author":[{"embeddable":true,"href":"https:\/\/glebokuracja.pl\/sklep\/wp-json\/wp\/v2\/users\/1"}],"replies":[{"embeddable":true,"href":"https:\/\/glebokuracja.pl\/sklep\/wp-json\/wp\/v2\/comments?post=19"}],"version-history":[{"count":6,"href":"https:\/\/glebokuracja.pl\/sklep\/wp-json\/wp\/v2\/pages\/19\/revisions"}],"predecessor-version":[{"id":240,"href":"https:\/\/glebokuracja.pl\/sklep\/wp-json\/wp\/v2\/pages\/19\/revisions\/240"}],"wp:attachment":[{"href":"https:\/\/glebokuracja.pl\/sklep\/wp-json\/wp\/v2\/media?parent=19"}],"curies":[{"name":"wp","href":"https:\/\/api.w.org\/{rel}","templated":true}]}}