{"id":81,"date":"2024-12-18T15:24:10","date_gmt":"2024-12-18T14:24:10","guid":{"rendered":"https:\/\/glebokuracja.pl\/sklep\/?post_type=product&#038;p=81"},"modified":"2025-03-03T11:04:04","modified_gmt":"2025-03-03T10:04:04","slug":"obornik-kurzy-organiczny-granulowany-nawoz-8l","status":"publish","type":"product","link":"https:\/\/glebokuracja.pl\/sklep\/p\/obornik-kurzy-organiczny-granulowany-nawoz-8l\/","title":{"rendered":"Obornik kurzy organiczny granulowany naw\u00f3z 8L"},"content":{"rendered":"\n<h3 class=\"wp-block-heading\"><strong>Dlaczego warto wybra\u0107 naw\u00f3z GLEBOKURACJA?<\/strong><\/h3>\n\n\n\n<h4 class=\"wp-block-heading\"><strong>Naturalna si\u0142a w ka\u017cdej granulce<\/strong><\/h4>\n\n\n\n<p id=\"wd-a67516c4\" class=\"wp-block-wd-paragraph\">Obornik kurzy jest jednym z najbogatszych organicznych nawoz\u00f3w. Nasz produkt dostarcza glebie kluczowe sk\u0142adniki od\u017cywcze, wspomagaj\u0105c szybki i zdrowy wzrost warzyw oraz owoc\u00f3w. To naturalne \u017ar\u00f3d\u0142o energii, kt\u00f3re sprawi, \u017ce Twoje uprawy b\u0119d\u0105 zdrowe, smaczne i pe\u0142ne warto\u015bci od\u017cywczych. &nbsp;<\/p>\n\n\n\n<h4 class=\"wp-block-heading\"><strong>Praktyczne opakowania dla domowych upraw<\/strong><\/h4>\n\n\n\n<p id=\"wd-3435592e\" class=\"wp-block-wd-paragraph\">GLEBOKURACJA dost\u0119pna jest w por\u0119cznych opakowaniach, kt\u00f3re idealnie nadaj\u0105 si\u0119 do ma\u0142ych, domowych ogr\u00f3dk\u00f3w. Naw\u00f3z jest \u0142atwy w przechowywaniu i aplikacji, co pozwala na precyzyjne nawo\u017cenie bez marnowania produktu. &nbsp;<\/p>\n\n\n\n<h4 class=\"wp-block-heading\"><strong>Idealny wyb\u00f3r dla Twoich ulubionych ro\u015blin<\/strong><\/h4>\n\n\n\n<p id=\"wd-7d68949e\" class=\"wp-block-wd-paragraph\"><strong>GLEBOKURACJA \u015bwietnie sprawdza si\u0119 w uprawach takich ro\u015blin jak: \u00a0<\/strong><\/p>\n\n\n\n<ul id=\"wd-e694b359\" class=\"wp-block-wd-list wd-list wd-type-unordered wd-style-default\">\n<li id=\"wd-8a4b59c8\" class=\"wp-block-wd-list-item\"><div class=\"wd-icon\"><\/div><span class=\"wd-list-content\">Pomidory \u2013 zwi\u0119ksza liczb\u0119 kwiat\u00f3w, poprawia wielko\u015b\u0107 i soczysto\u015b\u0107 owoc\u00f3w. &nbsp;<\/span><\/li>\n\n\n\n<li id=\"wd-aaecbcdd\" class=\"wp-block-wd-list-item\"><div class=\"wd-icon\"><\/div><span class=\"wd-list-content\">Papryka \u2013 wspiera intensywny wzrost i poprawia smak warzyw. &nbsp;<\/span><\/li>\n\n\n\n<li id=\"wd-8afd667d\" class=\"wp-block-wd-list-item\"><div class=\"wd-icon\"><\/div><span class=\"wd-list-content\">Truskawki \u2013 podnosi jako\u015b\u0107 i wielko\u015b\u0107 plonu, a owoce staj\u0105 si\u0119 bardziej aromatyczne i s\u0142odkie. &nbsp;<\/span><\/li>\n\n\n\n<li id=\"wd-b2a9d68f\" class=\"wp-block-wd-list-item\"><div class=\"wd-icon\"><\/div><span class=\"wd-list-content\">Og\u00f3rki \u2013 zapewnia szybki wzrost oraz chrupi\u0105ce i j\u0119drne owoce. &nbsp;<\/span><\/li>\n\n\n\n<li id=\"wd-844d1c01\" class=\"wp-block-wd-list-item\"><div class=\"wd-icon\"><\/div><span class=\"wd-list-content\">Cukinia, dynia, melony \u2013 wspomaga zdrowy wzrost i zwi\u0119ksza ich walory smakowe. &nbsp;<\/span><\/li>\n\n\n\n<li id=\"wd-8425728c\" class=\"wp-block-wd-list-item\"><div class=\"wd-icon\"><\/div><span class=\"wd-list-content\">Sa\u0142ata, szpinak \u2013 dostarcza sk\u0142adnik\u00f3w niezb\u0119dnych do uzyskania zdrowych, zielonych li\u015bci. &nbsp;<\/span><\/li>\n<\/ul>\n\n\n\n<h4 class=\"wp-block-heading\"><strong>Ekologiczne rozwi\u0105zanie dla \u015brodowiska<\/strong><\/h4>\n\n\n\n<p id=\"wd-ff1e4603\" class=\"wp-block-wd-paragraph\">GLEBOKURACJA to w pe\u0142ni organiczny naw\u00f3z, wolny od sztucznych dodatk\u00f3w i chemikali\u00f3w. Jest bezpieczny dla \u015brodowiska, zdrowy dla ro\u015blin i nie zawiera nasion chwast\u00f3w \u2013 dzi\u0119ki czemu eliminuje problem niepo\u017c\u0105danej ro\u015blinno\u015bci. &nbsp;<\/p>\n\n\n\n<h4 class=\"wp-block-heading\"><strong>\u0141atwo\u015b\u0107 aplikacji i wydajno\u015b\u0107<\/strong><\/h4>\n\n\n\n<p id=\"wd-34c7c540\" class=\"wp-block-wd-paragraph\">Granulowana forma nawozu u\u0142atwia r\u00f3wnomierne rozsypywanie wok\u00f3\u0142 ro\u015blin. Po aplikacji wystarczy lekko wymiesza\u0107 naw\u00f3z z gleb\u0105 na g\u0142\u0119boko\u015b\u0107 oko\u0142o 20\u201325 cm, aby sk\u0142adniki od\u017cywcze zacz\u0119\u0142y dzia\u0142a\u0107 niemal natychmiast. &nbsp;<\/p>\n\n\n\n<p id=\"wd-1006a11c\" class=\"wp-block-wd-paragraph\">Jedno opakowanie o wadze 4 kg wystarcza na zasilenie a\u017c 10 m\u00b2 powierzchni, co czyni je idealnym rozwi\u0105zaniem dla ma\u0142ych ogr\u00f3dk\u00f3w czy dzia\u0142ek. &nbsp;<\/p>\n\n\n\n<h4 class=\"wp-block-heading\"><strong>W 1 tonie nawozu dostarczane jest co najmniej:<\/strong><\/h4>\n\n\n\n<ul class=\"wp-block-list\">\n<li><strong>18 kg azotu<\/strong><\/li>\n\n\n\n<li><strong>15 kg fosforu (P\u2082O\u2085)<\/strong><\/li>\n\n\n\n<li><strong>30 kg potasu (K\u2082O)<\/strong><\/li>\n\n\n\n<li><strong>620,2 kg materii organicznej<\/strong><\/li>\n<\/ul>\n\n\n\n<h4 class=\"wp-block-heading\"><strong>Zalety stosowania:<\/strong><\/h4>\n\n\n\n<ul class=\"wp-block-list\">\n<li>Wzmacnia wzrost ro\u015blin i plonowanie.<\/li>\n\n\n\n<li>Zwi\u0119ksza \u017cyzno\u015b\u0107 gleby dzi\u0119ki wysokiej zawarto\u015bci pr\u00f3chnicy.<\/li>\n\n\n\n<li>Odpowiedni do przygotowania gleby przed siewem i sadzeniem.<\/li>\n<\/ul>\n\n\n\n<h4 class=\"wp-block-heading\"><strong>Zastosowanie:<\/strong><\/h4>\n\n\n\n<ul class=\"wp-block-list\">\n<li><strong>Uprawy polowe:<\/strong> do 4 t\/ha rocznie, w zale\u017cno\u015bci od rodzaju gleby.<\/li>\n\n\n\n<li><strong>Uprawy warzywnicze:<\/strong> 2\u20134 t\/ha, najlepiej 8 dni przed siewem\/sadzeniem.<\/li>\n\n\n\n<li><strong>Uprawy sadownicze:<\/strong> do 4 t\/ha przed za\u0142o\u017ceniem sadu; w pierwszych latach stosowa\u0107 lokalnie wok\u00f3\u0142 ro\u015blin.<\/li>\n<\/ul>\n\n\n\n<h4 class=\"wp-block-heading\"><strong>\u015arodki ostro\u017cno\u015bci:<\/strong><\/h4>\n\n\n\n<p id=\"wd-19a20b80\" class=\"wp-block-wd-paragraph\">Unika\u0107 stosowania na zamarzni\u0119tej, zalanej lub pokrytej \u015bniegiem glebie. Po aplikacji zachowa\u0107 21-dniow\u0105 przerw\u0119 przed wypasem zwierz\u0105t lub wykorzystaniem plon\u00f3w na pasz\u0119.<\/p>\n\n\n\n<h4 class=\"wp-block-heading\"><strong>Przechowywanie:<\/strong><\/h4>\n\n\n\n<p id=\"wd-1530409a\" class=\"wp-block-wd-paragraph\">Przechowywa\u0107 w suchym, wentylowanym miejscu w temperaturze 0\u201325\u00b0C, z dala od \u017cywno\u015bci i dzieci.<\/p>\n\n\n\n<p id=\"wd-c816aa28\" class=\"wp-block-wd-paragraph\">Idealny wyb\u00f3r dla zdrowych, ekologicznych upraw!<\/p>\n\n","protected":false},"excerpt":{"rendered":"[html_block id=\"137\"]\n","protected":false},"featured_media":147,"template":"","meta":[],"product_brand":[],"product_cat":[17],"product_tag":[],"class_list":{"0":"post-81","1":"product","2":"type-product","3":"status-publish","4":"has-post-thumbnail","6":"product_cat-oborniki-kurze","8":"first","9":"instock","10":"taxable","11":"shipping-taxable","12":"purchasable","13":"product-type-simple"},"yoast_head":"<!-- This site is optimized with the Yoast SEO plugin v27.4 - https:\/\/yoast.com\/product\/yoast-seo-wordpress\/ -->\n<title>Obornik kurzy organiczny granulowany naw\u00f3z 8L - Zam\u00f3w Online \/ Glebokuracja<\/title>\n<meta name=\"description\" content=\"Obornik kurzy organiczny 8L \u2013 naturalne wsparcie dla gleby i ro\u015blin! \u0141atwy w u\u017cyciu, poprawia \u017cyzno\u015b\u0107 gleby i wspomaga zdrowy wzrost upraw.\" \/>\n<meta name=\"robots\" content=\"index, follow, max-snippet:-1, max-image-preview:large, max-video-preview:-1\" \/>\n<link rel=\"canonical\" href=\"https:\/\/glebokuracja.pl\/sklep\/p\/obornik-kurzy-organiczny-granulowany-nawoz-8l\/\" \/>\n<meta property=\"og:locale\" content=\"pl_PL\" \/>\n<meta property=\"og:type\" content=\"article\" \/>\n<meta property=\"og:title\" content=\"Obornik kurzy organiczny granulowany naw\u00f3z 8L - Zam\u00f3w Online \/ Glebokuracja\" \/>\n<meta property=\"og:description\" content=\"Obornik kurzy organiczny 8L \u2013 naturalne wsparcie dla gleby i ro\u015blin! \u0141atwy w u\u017cyciu, poprawia \u017cyzno\u015b\u0107 gleby i wspomaga zdrowy wzrost upraw.\" \/>\n<meta property=\"og:url\" content=\"https:\/\/glebokuracja.pl\/sklep\/p\/obornik-kurzy-organiczny-granulowany-nawoz-8l\/\" \/>\n<meta property=\"og:site_name\" content=\"Zam\u00f3w Online \/ Glebokuracja\" \/>\n<meta property=\"article:modified_time\" content=\"2025-03-03T10:04:04+00:00\" \/>\n<meta property=\"og:image\" content=\"https:\/\/glebokuracja.pl\/sklep\/wp-content\/uploads\/2024\/12\/DSC00869-scaled.jpg\" \/>\n\t<meta property=\"og:image:width\" content=\"1707\" \/>\n\t<meta property=\"og:image:height\" content=\"2560\" \/>\n\t<meta property=\"og:image:type\" content=\"image\/jpeg\" \/>\n<meta name=\"twitter:card\" content=\"summary_large_image\" \/>\n<meta name=\"twitter:label1\" content=\"Szacowany czas czytania\" \/>\n\t<meta name=\"twitter:data1\" content=\"3 minuty\" \/>\n<script type=\"application\/ld+json\" class=\"yoast-schema-graph\">{\"@context\":\"https:\\\/\\\/schema.org\",\"@graph\":[{\"@type\":\"WebPage\",\"@id\":\"https:\\\/\\\/glebokuracja.pl\\\/sklep\\\/p\\\/obornik-kurzy-organiczny-granulowany-nawoz-8l\\\/\",\"url\":\"https:\\\/\\\/glebokuracja.pl\\\/sklep\\\/p\\\/obornik-kurzy-organiczny-granulowany-nawoz-8l\\\/\",\"name\":\"Obornik kurzy organiczny granulowany naw\u00f3z 8L - Zam\u00f3w Online \\\/ Glebokuracja\",\"isPartOf\":{\"@id\":\"https:\\\/\\\/glebokuracja.pl\\\/sklep\\\/#website\"},\"primaryImageOfPage\":{\"@id\":\"https:\\\/\\\/glebokuracja.pl\\\/sklep\\\/p\\\/obornik-kurzy-organiczny-granulowany-nawoz-8l\\\/#primaryimage\"},\"image\":{\"@id\":\"https:\\\/\\\/glebokuracja.pl\\\/sklep\\\/p\\\/obornik-kurzy-organiczny-granulowany-nawoz-8l\\\/#primaryimage\"},\"thumbnailUrl\":\"https:\\\/\\\/glebokuracja.pl\\\/sklep\\\/wp-content\\\/uploads\\\/2024\\\/12\\\/DSC00869-scaled.jpg\",\"datePublished\":\"2024-12-18T14:24:10+00:00\",\"dateModified\":\"2025-03-03T10:04:04+00:00\",\"description\":\"Obornik kurzy organiczny 8L \u2013 naturalne wsparcie dla gleby i ro\u015blin! \u0141atwy w u\u017cyciu, poprawia \u017cyzno\u015b\u0107 gleby i wspomaga zdrowy wzrost upraw.\",\"breadcrumb\":{\"@id\":\"https:\\\/\\\/glebokuracja.pl\\\/sklep\\\/p\\\/obornik-kurzy-organiczny-granulowany-nawoz-8l\\\/#breadcrumb\"},\"inLanguage\":\"pl-PL\",\"potentialAction\":[{\"@type\":\"ReadAction\",\"target\":[\"https:\\\/\\\/glebokuracja.pl\\\/sklep\\\/p\\\/obornik-kurzy-organiczny-granulowany-nawoz-8l\\\/\"]}]},{\"@type\":\"ImageObject\",\"inLanguage\":\"pl-PL\",\"@id\":\"https:\\\/\\\/glebokuracja.pl\\\/sklep\\\/p\\\/obornik-kurzy-organiczny-granulowany-nawoz-8l\\\/#primaryimage\",\"url\":\"https:\\\/\\\/glebokuracja.pl\\\/sklep\\\/wp-content\\\/uploads\\\/2024\\\/12\\\/DSC00869-scaled.jpg\",\"contentUrl\":\"https:\\\/\\\/glebokuracja.pl\\\/sklep\\\/wp-content\\\/uploads\\\/2024\\\/12\\\/DSC00869-scaled.jpg\",\"width\":1707,\"height\":2560},{\"@type\":\"BreadcrumbList\",\"@id\":\"https:\\\/\\\/glebokuracja.pl\\\/sklep\\\/p\\\/obornik-kurzy-organiczny-granulowany-nawoz-8l\\\/#breadcrumb\",\"itemListElement\":[{\"@type\":\"ListItem\",\"position\":1,\"name\":\"Glebokuracja\",\"item\":\"https:\\\/\\\/glebokuracja.pl\\\/sklep\\\/\"},{\"@type\":\"ListItem\",\"position\":2,\"name\":\"Sklep\",\"item\":\"https:\\\/\\\/glebokuracja.pl\\\/sklep\\\/\"},{\"@type\":\"ListItem\",\"position\":3,\"name\":\"Oborniki kurze\",\"item\":\"https:\\\/\\\/glebokuracja.pl\\\/sklep\\\/k\\\/oborniki-kurze\\\/\"},{\"@type\":\"ListItem\",\"position\":4,\"name\":\"Obornik kurzy organiczny granulowany naw\u00f3z 8L\"}]},{\"@type\":\"WebSite\",\"@id\":\"https:\\\/\\\/glebokuracja.pl\\\/sklep\\\/#website\",\"url\":\"https:\\\/\\\/glebokuracja.pl\\\/sklep\\\/\",\"name\":\"Zam\u00f3w Online \\\/ Glebokuracja\",\"description\":\"\",\"publisher\":{\"@id\":\"https:\\\/\\\/glebokuracja.pl\\\/sklep\\\/#organization\"},\"potentialAction\":[{\"@type\":\"SearchAction\",\"target\":{\"@type\":\"EntryPoint\",\"urlTemplate\":\"https:\\\/\\\/glebokuracja.pl\\\/sklep\\\/?s={search_term_string}\"},\"query-input\":{\"@type\":\"PropertyValueSpecification\",\"valueRequired\":true,\"valueName\":\"search_term_string\"}}],\"inLanguage\":\"pl-PL\"},{\"@type\":\"Organization\",\"@id\":\"https:\\\/\\\/glebokuracja.pl\\\/sklep\\\/#organization\",\"name\":\"Zam\u00f3w Online \\\/ Glebokuracja\",\"url\":\"https:\\\/\\\/glebokuracja.pl\\\/sklep\\\/\",\"logo\":{\"@type\":\"ImageObject\",\"inLanguage\":\"pl-PL\",\"@id\":\"https:\\\/\\\/glebokuracja.pl\\\/sklep\\\/#\\\/schema\\\/logo\\\/image\\\/\",\"url\":\"https:\\\/\\\/glebokuracja.pl\\\/sklep\\\/wp-content\\\/uploads\\\/2024\\\/12\\\/glebokuracja-logo.webp\",\"contentUrl\":\"https:\\\/\\\/glebokuracja.pl\\\/sklep\\\/wp-content\\\/uploads\\\/2024\\\/12\\\/glebokuracja-logo.webp\",\"width\":250,\"height\":66,\"caption\":\"Zam\u00f3w Online \\\/ Glebokuracja\"},\"image\":{\"@id\":\"https:\\\/\\\/glebokuracja.pl\\\/sklep\\\/#\\\/schema\\\/logo\\\/image\\\/\"}}]}<\/script>\n<!-- \/ Yoast SEO plugin. -->","yoast_head_json":{"title":"Obornik kurzy organiczny granulowany naw\u00f3z 8L - Zam\u00f3w Online \/ Glebokuracja","description":"Obornik kurzy organiczny 8L \u2013 naturalne wsparcie dla gleby i ro\u015blin! \u0141atwy w u\u017cyciu, poprawia \u017cyzno\u015b\u0107 gleby i wspomaga zdrowy wzrost upraw.","robots":{"index":"index","follow":"follow","max-snippet":"max-snippet:-1","max-image-preview":"max-image-preview:large","max-video-preview":"max-video-preview:-1"},"canonical":"https:\/\/glebokuracja.pl\/sklep\/p\/obornik-kurzy-organiczny-granulowany-nawoz-8l\/","og_locale":"pl_PL","og_type":"article","og_title":"Obornik kurzy organiczny granulowany naw\u00f3z 8L - Zam\u00f3w Online \/ Glebokuracja","og_description":"Obornik kurzy organiczny 8L \u2013 naturalne wsparcie dla gleby i ro\u015blin! \u0141atwy w u\u017cyciu, poprawia \u017cyzno\u015b\u0107 gleby i wspomaga zdrowy wzrost upraw.","og_url":"https:\/\/glebokuracja.pl\/sklep\/p\/obornik-kurzy-organiczny-granulowany-nawoz-8l\/","og_site_name":"Zam\u00f3w Online \/ Glebokuracja","article_modified_time":"2025-03-03T10:04:04+00:00","og_image":[{"width":1707,"height":2560,"url":"https:\/\/glebokuracja.pl\/sklep\/wp-content\/uploads\/2024\/12\/DSC00869-scaled.jpg","type":"image\/jpeg"}],"twitter_card":"summary_large_image","twitter_misc":{"Szacowany czas czytania":"3 minuty"},"schema":{"@context":"https:\/\/schema.org","@graph":[{"@type":"WebPage","@id":"https:\/\/glebokuracja.pl\/sklep\/p\/obornik-kurzy-organiczny-granulowany-nawoz-8l\/","url":"https:\/\/glebokuracja.pl\/sklep\/p\/obornik-kurzy-organiczny-granulowany-nawoz-8l\/","name":"Obornik kurzy organiczny granulowany naw\u00f3z 8L - Zam\u00f3w Online \/ Glebokuracja","isPartOf":{"@id":"https:\/\/glebokuracja.pl\/sklep\/#website"},"primaryImageOfPage":{"@id":"https:\/\/glebokuracja.pl\/sklep\/p\/obornik-kurzy-organiczny-granulowany-nawoz-8l\/#primaryimage"},"image":{"@id":"https:\/\/glebokuracja.pl\/sklep\/p\/obornik-kurzy-organiczny-granulowany-nawoz-8l\/#primaryimage"},"thumbnailUrl":"https:\/\/glebokuracja.pl\/sklep\/wp-content\/uploads\/2024\/12\/DSC00869-scaled.jpg","datePublished":"2024-12-18T14:24:10+00:00","dateModified":"2025-03-03T10:04:04+00:00","description":"Obornik kurzy organiczny 8L \u2013 naturalne wsparcie dla gleby i ro\u015blin! \u0141atwy w u\u017cyciu, poprawia \u017cyzno\u015b\u0107 gleby i wspomaga zdrowy wzrost upraw.","breadcrumb":{"@id":"https:\/\/glebokuracja.pl\/sklep\/p\/obornik-kurzy-organiczny-granulowany-nawoz-8l\/#breadcrumb"},"inLanguage":"pl-PL","potentialAction":[{"@type":"ReadAction","target":["https:\/\/glebokuracja.pl\/sklep\/p\/obornik-kurzy-organiczny-granulowany-nawoz-8l\/"]}]},{"@type":"ImageObject","inLanguage":"pl-PL","@id":"https:\/\/glebokuracja.pl\/sklep\/p\/obornik-kurzy-organiczny-granulowany-nawoz-8l\/#primaryimage","url":"https:\/\/glebokuracja.pl\/sklep\/wp-content\/uploads\/2024\/12\/DSC00869-scaled.jpg","contentUrl":"https:\/\/glebokuracja.pl\/sklep\/wp-content\/uploads\/2024\/12\/DSC00869-scaled.jpg","width":1707,"height":2560},{"@type":"BreadcrumbList","@id":"https:\/\/glebokuracja.pl\/sklep\/p\/obornik-kurzy-organiczny-granulowany-nawoz-8l\/#breadcrumb","itemListElement":[{"@type":"ListItem","position":1,"name":"Glebokuracja","item":"https:\/\/glebokuracja.pl\/sklep\/"},{"@type":"ListItem","position":2,"name":"Sklep","item":"https:\/\/glebokuracja.pl\/sklep\/"},{"@type":"ListItem","position":3,"name":"Oborniki kurze","item":"https:\/\/glebokuracja.pl\/sklep\/k\/oborniki-kurze\/"},{"@type":"ListItem","position":4,"name":"Obornik kurzy organiczny granulowany naw\u00f3z 8L"}]},{"@type":"WebSite","@id":"https:\/\/glebokuracja.pl\/sklep\/#website","url":"https:\/\/glebokuracja.pl\/sklep\/","name":"Zam\u00f3w Online \/ Glebokuracja","description":"","publisher":{"@id":"https:\/\/glebokuracja.pl\/sklep\/#organization"},"potentialAction":[{"@type":"SearchAction","target":{"@type":"EntryPoint","urlTemplate":"https:\/\/glebokuracja.pl\/sklep\/?s={search_term_string}"},"query-input":{"@type":"PropertyValueSpecification","valueRequired":true,"valueName":"search_term_string"}}],"inLanguage":"pl-PL"},{"@type":"Organization","@id":"https:\/\/glebokuracja.pl\/sklep\/#organization","name":"Zam\u00f3w Online \/ Glebokuracja","url":"https:\/\/glebokuracja.pl\/sklep\/","logo":{"@type":"ImageObject","inLanguage":"pl-PL","@id":"https:\/\/glebokuracja.pl\/sklep\/#\/schema\/logo\/image\/","url":"https:\/\/glebokuracja.pl\/sklep\/wp-content\/uploads\/2024\/12\/glebokuracja-logo.webp","contentUrl":"https:\/\/glebokuracja.pl\/sklep\/wp-content\/uploads\/2024\/12\/glebokuracja-logo.webp","width":250,"height":66,"caption":"Zam\u00f3w Online \/ Glebokuracja"},"image":{"@id":"https:\/\/glebokuracja.pl\/sklep\/#\/schema\/logo\/image\/"}}]}},"_links":{"self":[{"href":"https:\/\/glebokuracja.pl\/sklep\/wp-json\/wp\/v2\/product\/81","targetHints":{"allow":["GET"]}}],"collection":[{"href":"https:\/\/glebokuracja.pl\/sklep\/wp-json\/wp\/v2\/product"}],"about":[{"href":"https:\/\/glebokuracja.pl\/sklep\/wp-json\/wp\/v2\/types\/product"}],"wp:featuredmedia":[{"embeddable":true,"href":"https:\/\/glebokuracja.pl\/sklep\/wp-json\/wp\/v2\/media\/147"}],"wp:attachment":[{"href":"https:\/\/glebokuracja.pl\/sklep\/wp-json\/wp\/v2\/media?parent=81"}],"wp:term":[{"taxonomy":"product_brand","embeddable":true,"href":"https:\/\/glebokuracja.pl\/sklep\/wp-json\/wp\/v2\/product_brand?post=81"},{"taxonomy":"product_cat","embeddable":true,"href":"https:\/\/glebokuracja.pl\/sklep\/wp-json\/wp\/v2\/product_cat?post=81"},{"taxonomy":"product_tag","embeddable":true,"href":"https:\/\/glebokuracja.pl\/sklep\/wp-json\/wp\/v2\/product_tag?post=81"}],"curies":[{"name":"wp","href":"https:\/\/api.w.org\/{rel}","templated":true}]}}